{"id":214,"date":"2025-05-28T01:12:36","date_gmt":"2025-05-28T06:12:36","guid":{"rendered":"http:\/\/localhost:8080\/pssweb\/?post_type=product&#038;p=214"},"modified":"2025-05-28T01:13:52","modified_gmt":"2025-05-28T06:13:52","slug":"agitador-de-alta-velocidad-230-v-50-60-hz-1-fase","status":"publish","type":"product","link":"https:\/\/www.cpss.com.pe\/index.php\/product\/agitador-de-alta-velocidad-230-v-50-60-hz-1-fase\/","title":{"rendered":"Agitador De Alta Velocidad. 230 V\/50-60 Hz\/1 Fase"},"content":{"rendered":"<p>Se utiliza para determinar la distribuci\u00f3n del tama\u00f1o de part\u00edculas de materiales muy finos como limo y arcilla.<\/p>\n<p>RPM 11,000<\/p>\n<p>Nota:<br \/>\nEl equipo de prueba se puede completar con el ba\u00f1o de agua a temperatura constante 22-T0058\/A. Para obtener un mejor control de la temperatura, el ba\u00f1o de agua se puede equipar con el serpent\u00edn de enfriamiento 22-T0058\/3 para la circulaci\u00f3n del agua de red.<\/p>\n<p>Normas<br \/>\nNorma NF P94-057<\/p>\n","protected":false},"excerpt":{"rendered":"<p>Se utiliza para determinar la distribuci\u00f3n del tama\u00f1o de part\u00edculas de materiales muy finos como limo y arcilla. RPM 11,000 Nota: El equipo de prueba se puede completar con el ba\u00f1o de agua a temperatura constante 22-T0058\/A. Para obtener un mejor control de la temperatura, el ba\u00f1o de agua se puede equipar con el serpent\u00edn&#8230;<\/p>\n","protected":false},"featured_media":234,"template":"","meta":{"_kadence_starter_templates_imported_post":false,"_kad_post_transparent":"","_kad_post_title":"","_kad_post_layout":"","_kad_post_sidebar_id":"","_kad_post_content_style":"","_kad_post_vertical_padding":"","_kad_post_feature":"","_kad_post_feature_position":"","_kad_post_header":false,"_kad_post_footer":false},"product_brand":[33],"product_cat":[28],"product_tag":[],"class_list":{"0":"post-214","1":"product","2":"type-product","3":"status-publish","4":"has-post-thumbnail","6":"product_brand-controls","7":"product_cat-suelos","9":"first","10":"instock","11":"shipping-taxable","12":"purchasable","13":"product-type-simple","14":"entry","15":"content-bg","16":"loop-entry"},"_links":{"self":[{"href":"https:\/\/www.cpss.com.pe\/index.php\/wp-json\/wp\/v2\/product\/214","targetHints":{"allow":["GET"]}}],"collection":[{"href":"https:\/\/www.cpss.com.pe\/index.php\/wp-json\/wp\/v2\/product"}],"about":[{"href":"https:\/\/www.cpss.com.pe\/index.php\/wp-json\/wp\/v2\/types\/product"}],"wp:featuredmedia":[{"embeddable":true,"href":"https:\/\/www.cpss.com.pe\/index.php\/wp-json\/wp\/v2\/media\/234"}],"wp:attachment":[{"href":"https:\/\/www.cpss.com.pe\/index.php\/wp-json\/wp\/v2\/media?parent=214"}],"wp:term":[{"taxonomy":"product_brand","embeddable":true,"href":"https:\/\/www.cpss.com.pe\/index.php\/wp-json\/wp\/v2\/product_brand?post=214"},{"taxonomy":"product_cat","embeddable":true,"href":"https:\/\/www.cpss.com.pe\/index.php\/wp-json\/wp\/v2\/product_cat?post=214"},{"taxonomy":"product_tag","embeddable":true,"href":"https:\/\/www.cpss.com.pe\/index.php\/wp-json\/wp\/v2\/product_tag?post=214"}],"curies":[{"name":"wp","href":"https:\/\/api.w.org\/{rel}","templated":true}]}}