{"id":216,"date":"2025-05-28T01:12:45","date_gmt":"2025-05-28T06:12:45","guid":{"rendered":"http:\/\/localhost:8080\/pssweb\/?post_type=product&#038;p=216"},"modified":"2025-05-28T01:14:05","modified_gmt":"2025-05-28T06:14:05","slug":"agitador-magnetico-capacidad-3-litros-200-240v-50-60-hz-1-ph","status":"publish","type":"product","link":"https:\/\/www.cpss.com.pe\/index.php\/product\/agitador-magnetico-capacidad-3-litros-200-240v-50-60-hz-1-ph\/","title":{"rendered":"Agitador Magn\u00e9tico. Capacidad 3 Litros.200-240V, 50-60 Hz, 1 Ph"},"content":{"rendered":"<p>Se utiliza para valoraci\u00f3n y agitaci\u00f3n. Velocidad variable.<br \/>\nSeguidor magn\u00e9tico recubierto de tefl\u00f3n incluido.<br \/>\nVelocidad de rotaci\u00f3n, rpm: 100 a 1500<br \/>\nPotencia:  1HP<br \/>\nDimensiones, mm: 135 mm de di\u00e1metro.<br \/>\nTemperatura m\u00e1xima, \u00b0C: 280<br \/>\nPeso aproximado. kg:\t1.8<\/p>\n","protected":false},"excerpt":{"rendered":"<p>Se utiliza para valoraci\u00f3n y agitaci\u00f3n. Velocidad variable. Seguidor magn\u00e9tico recubierto de tefl\u00f3n incluido. Velocidad de rotaci\u00f3n, rpm: 100 a 1500 Potencia: 1HP Dimensiones, mm: 135 mm de di\u00e1metro. Temperatura m\u00e1xima, \u00b0C: 280 Peso aproximado. kg: 1.8<\/p>\n","protected":false},"featured_media":236,"template":"","meta":{"_kadence_starter_templates_imported_post":false,"_kad_post_transparent":"","_kad_post_title":"","_kad_post_layout":"","_kad_post_sidebar_id":"","_kad_post_content_style":"","_kad_post_vertical_padding":"","_kad_post_feature":"","_kad_post_feature_position":"","_kad_post_header":false,"_kad_post_footer":false},"product_brand":[33],"product_cat":[26],"product_tag":[],"class_list":{"0":"post-216","1":"product","2":"type-product","3":"status-publish","4":"has-post-thumbnail","6":"product_brand-controls","7":"product_cat-equipos-generales-laboratorio","9":"first","10":"instock","11":"shipping-taxable","12":"purchasable","13":"product-type-simple","14":"entry","15":"content-bg","16":"loop-entry"},"_links":{"self":[{"href":"https:\/\/www.cpss.com.pe\/index.php\/wp-json\/wp\/v2\/product\/216","targetHints":{"allow":["GET"]}}],"collection":[{"href":"https:\/\/www.cpss.com.pe\/index.php\/wp-json\/wp\/v2\/product"}],"about":[{"href":"https:\/\/www.cpss.com.pe\/index.php\/wp-json\/wp\/v2\/types\/product"}],"wp:featuredmedia":[{"embeddable":true,"href":"https:\/\/www.cpss.com.pe\/index.php\/wp-json\/wp\/v2\/media\/236"}],"wp:attachment":[{"href":"https:\/\/www.cpss.com.pe\/index.php\/wp-json\/wp\/v2\/media?parent=216"}],"wp:term":[{"taxonomy":"product_brand","embeddable":true,"href":"https:\/\/www.cpss.com.pe\/index.php\/wp-json\/wp\/v2\/product_brand?post=216"},{"taxonomy":"product_cat","embeddable":true,"href":"https:\/\/www.cpss.com.pe\/index.php\/wp-json\/wp\/v2\/product_cat?post=216"},{"taxonomy":"product_tag","embeddable":true,"href":"https:\/\/www.cpss.com.pe\/index.php\/wp-json\/wp\/v2\/product_tag?post=216"}],"curies":[{"name":"wp","href":"https:\/\/api.w.org\/{rel}","templated":true}]}}