{"id":218,"date":"2025-05-28T01:12:51","date_gmt":"2025-05-28T06:12:51","guid":{"rendered":"http:\/\/localhost:8080\/pssweb\/?post_type=product&#038;p=218"},"modified":"2025-05-28T01:14:11","modified_gmt":"2025-05-28T06:14:11","slug":"analizador-de-ligante-de-asfalto-por-metodo-de-ignicion-220v-60hz-3ph","status":"publish","type":"product","link":"https:\/\/www.cpss.com.pe\/index.php\/product\/analizador-de-ligante-de-asfalto-por-metodo-de-ignicion-220v-60hz-3ph\/","title":{"rendered":"Analizador De Ligante De Asfalto Por M\u00e9todo De Ignici\u00f3n,  220V, 60Hz, 3Ph."},"content":{"rendered":"<p>El analizador de ligante de asfalto consiste esencialmente en un aparato de alta precisi\u00f3n que combina un horno de encendido con un sistema de pesaje continuo para monitorear la p\u00e9rdida de peso de la muestra de asfalto y determinar autom\u00e1ticamente, al final de la prueba, el contenido y porcentaje de ligante. Una c\u00e1mara de poscombusti\u00f3n auxiliar controlada de forma independiente reduce significativamente las emisiones del horno.<br \/>\n El analizador se suministra completo con cesta de muestra doble\/cubierta de seguridad, horquilla de extracci\u00f3n y 3 metros de tubo de escape met\u00e1lico.<br \/>\nEspecificaciones Tecnicas<br \/>\nHorno y poscombusti\u00f3n<br \/>\nSistema de calefacci\u00f3n altamente eficiente con postquemador para la combusti\u00f3n total de humos para minimizar las emisiones dentro de los requisitos de la CE<br \/>\nSin necesidad de filtro o campanas = bajos costos de mantenimiento<br \/>\nTama\u00f1o de muestra de hasta 4500 g para un resultado de prueba m\u00e1s representativo<br \/>\n220V, 60Hz, 3ph.<br \/>\nm\u00e1x. potencia nominal: 10 kW<br \/>\nPotencia de retenci\u00f3n durante la prueba: 3,5 kW<br \/>\nSe suministra completo con bandeja de muestras doble, horquilla para manipular el plato, jaula de refrigeraci\u00f3n y 3 m de conducto de escape<br \/>\nHardware<br \/>\nGran memoria permanente para almacenar los resultados de las pruebas<br \/>\nImpresora en serie integrada de 40 columnas<br \/>\nSistema de pesaje: 10.000 g de capacidad, 0,1 g de resoluci\u00f3n, \u00b10,1 g de repetibilidad<br \/>\nTermorregulaci\u00f3n PID de circuito cerrado para horno y postcombusti\u00f3n<br \/>\nGran pantalla gr\u00e1fica de 240&#215;128 p\u00edxeles<br \/>\nSalida RS232 para conexi\u00f3n a PC<br \/>\nfirmware<br \/>\nSelecci\u00f3n de idioma<br \/>\nSistema de reloj\/calendario<br \/>\nComunicaci\u00f3n bidireccional en tiempo real con el sistema de pesaje<br \/>\nMen\u00fa de configuraci\u00f3n de prueba, completo con par\u00e1metros de muestra f\u00edsicos y descriptivos<br \/>\nMen\u00fa de calibraci\u00f3n de temperatura y peso<br \/>\nControl manual opcional del rendimiento de la prueba<br \/>\nMen\u00fa de rendimiento de la prueba con visualizaci\u00f3n simult\u00e1nea de todos los datos de la prueba<br \/>\nBase de datos interna para hasta 100 pruebas. Cada prueba se puede enviar a la PC, mostrar, imprimir o eliminar<br \/>\nPosibilidad de conectar una balanza externa para entrada autom\u00e1tica de peso (ver accesorios)<br \/>\nCaracter\u00edsticas de seguridad<br \/>\nBloqueo autom\u00e1tico de puertas durante la prueba, incluso si se interrumpe la alimentaci\u00f3n<br \/>\nEl cierre de la puerta se controla autom\u00e1ticamente antes de que comience la prueba<br \/>\nDimensiones totales:<br \/>\nAncho: 640 mm<br \/>\nFondo: 960 mm<br \/>\nAlto (sin tubo exterior): 960 mm<br \/>\nAlto (con tubo exterior): 1060 mm<br \/>\nDimensiones interiores: Ancho<br \/>\n: 400 mm<br \/>\nFondo: 460 mm<br \/>\nAlto: 300 mm<br \/>\nPeso aproximado:   155 kg (sin accesorios)<br \/>\nNormativas<br \/>\nEN 12697-39<br \/>\nASTM D6307<br \/>\nAASHTO TP53<br \/>\nAASHTO T308<\/p>\n","protected":false},"excerpt":{"rendered":"<p>El analizador de ligante de asfalto consiste esencialmente en un aparato de alta precisi\u00f3n que combina un horno de encendido con un sistema de pesaje continuo para monitorear la p\u00e9rdida de peso de la muestra de asfalto y determinar autom\u00e1ticamente, al final de la prueba, el contenido y porcentaje de ligante. Una c\u00e1mara de poscombusti\u00f3n&#8230;<\/p>\n","protected":false},"featured_media":238,"template":"","meta":{"_kadence_starter_templates_imported_post":false,"_kad_post_transparent":"","_kad_post_title":"","_kad_post_layout":"","_kad_post_sidebar_id":"","_kad_post_content_style":"","_kad_post_vertical_padding":"","_kad_post_feature":"","_kad_post_feature_position":"","_kad_post_header":false,"_kad_post_footer":false},"product_brand":[33],"product_cat":[30],"product_tag":[],"class_list":{"0":"post-218","1":"product","2":"type-product","3":"status-publish","4":"has-post-thumbnail","6":"product_brand-controls","7":"product_cat-mezcla-de-asfalto","9":"first","10":"instock","11":"shipping-taxable","12":"purchasable","13":"product-type-simple","14":"entry","15":"content-bg","16":"loop-entry"},"_links":{"self":[{"href":"https:\/\/www.cpss.com.pe\/index.php\/wp-json\/wp\/v2\/product\/218","targetHints":{"allow":["GET"]}}],"collection":[{"href":"https:\/\/www.cpss.com.pe\/index.php\/wp-json\/wp\/v2\/product"}],"about":[{"href":"https:\/\/www.cpss.com.pe\/index.php\/wp-json\/wp\/v2\/types\/product"}],"wp:featuredmedia":[{"embeddable":true,"href":"https:\/\/www.cpss.com.pe\/index.php\/wp-json\/wp\/v2\/media\/238"}],"wp:attachment":[{"href":"https:\/\/www.cpss.com.pe\/index.php\/wp-json\/wp\/v2\/media?parent=218"}],"wp:term":[{"taxonomy":"product_brand","embeddable":true,"href":"https:\/\/www.cpss.com.pe\/index.php\/wp-json\/wp\/v2\/product_brand?post=218"},{"taxonomy":"product_cat","embeddable":true,"href":"https:\/\/www.cpss.com.pe\/index.php\/wp-json\/wp\/v2\/product_cat?post=218"},{"taxonomy":"product_tag","embeddable":true,"href":"https:\/\/www.cpss.com.pe\/index.php\/wp-json\/wp\/v2\/product_tag?post=218"}],"curies":[{"name":"wp","href":"https:\/\/api.w.org\/{rel}","templated":true}]}}