{"id":219,"date":"2025-05-28T01:12:54","date_gmt":"2025-05-28T06:12:54","guid":{"rendered":"http:\/\/localhost:8080\/pssweb\/?post_type=product&#038;p=219"},"modified":"2025-05-28T01:14:13","modified_gmt":"2025-05-28T06:14:13","slug":"anemometro-de-mano-digital","status":"publish","type":"product","link":"https:\/\/www.cpss.com.pe\/index.php\/product\/anemometro-de-mano-digital\/","title":{"rendered":"Anem\u00f3metro De Mano Digital"},"content":{"rendered":"<p>Pantalla grande y f\u00e1cil de leer. Su espuma protectora de polietileno lo hace c\u00f3modo de sujetar.<br \/>\nPantalla: Velocidad del viento instant\u00e1nea, Velocidad del viento m\u00e1xima, Velocidad del viento media (3 s a 24 h). LCD con retroiluminaci\u00f3n. H\u00e9lice de 54 mm.<br \/>\nUnidades: km\/h, m\/s, fps, nudos y bft<br \/>\nResoluci\u00f3n: en el 10 hasta 99,9, luego a la unidad<br \/>\nPrecisi\u00f3n: \u00b13% de -10 a +50\u00b0C<br \/>\nRango de medici\u00f3n: de 2 a 150 km\/h<br \/>\nDimensiones: di\u00e1metro. 65\u00d7155 mil\u00edmetros<br \/>\nPeso aproximado: 235 g<\/p>\n","protected":false},"excerpt":{"rendered":"<p>Pantalla grande y f\u00e1cil de leer. Su espuma protectora de polietileno lo hace c\u00f3modo de sujetar. Pantalla: Velocidad del viento instant\u00e1nea, Velocidad del viento m\u00e1xima, Velocidad del viento media (3 s a 24 h). LCD con retroiluminaci\u00f3n. H\u00e9lice de 54 mm. Unidades: km\/h, m\/s, fps, nudos y bft Resoluci\u00f3n: en el 10 hasta 99,9, luego&#8230;<\/p>\n","protected":false},"featured_media":239,"template":"","meta":{"_kadence_starter_templates_imported_post":false,"_kad_post_transparent":"","_kad_post_title":"","_kad_post_layout":"","_kad_post_sidebar_id":"","_kad_post_content_style":"","_kad_post_vertical_padding":"","_kad_post_feature":"","_kad_post_feature_position":"","_kad_post_header":false,"_kad_post_footer":false},"product_brand":[33],"product_cat":[26],"product_tag":[],"class_list":{"0":"post-219","1":"product","2":"type-product","3":"status-publish","4":"has-post-thumbnail","6":"product_brand-controls","7":"product_cat-equipos-generales-laboratorio","9":"first","10":"instock","11":"shipping-taxable","12":"purchasable","13":"product-type-simple","14":"entry","15":"content-bg","16":"loop-entry"},"_links":{"self":[{"href":"https:\/\/www.cpss.com.pe\/index.php\/wp-json\/wp\/v2\/product\/219","targetHints":{"allow":["GET"]}}],"collection":[{"href":"https:\/\/www.cpss.com.pe\/index.php\/wp-json\/wp\/v2\/product"}],"about":[{"href":"https:\/\/www.cpss.com.pe\/index.php\/wp-json\/wp\/v2\/types\/product"}],"wp:featuredmedia":[{"embeddable":true,"href":"https:\/\/www.cpss.com.pe\/index.php\/wp-json\/wp\/v2\/media\/239"}],"wp:attachment":[{"href":"https:\/\/www.cpss.com.pe\/index.php\/wp-json\/wp\/v2\/media?parent=219"}],"wp:term":[{"taxonomy":"product_brand","embeddable":true,"href":"https:\/\/www.cpss.com.pe\/index.php\/wp-json\/wp\/v2\/product_brand?post=219"},{"taxonomy":"product_cat","embeddable":true,"href":"https:\/\/www.cpss.com.pe\/index.php\/wp-json\/wp\/v2\/product_cat?post=219"},{"taxonomy":"product_tag","embeddable":true,"href":"https:\/\/www.cpss.com.pe\/index.php\/wp-json\/wp\/v2\/product_tag?post=219"}],"curies":[{"name":"wp","href":"https:\/\/api.w.org\/{rel}","templated":true}]}}