{"id":220,"date":"2025-05-28T01:12:57","date_gmt":"2025-05-28T06:12:57","guid":{"rendered":"http:\/\/localhost:8080\/pssweb\/?post_type=product&#038;p=220"},"modified":"2025-05-28T01:14:16","modified_gmt":"2025-05-28T06:14:16","slug":"apara-de-viga-benkelman","status":"publish","type":"product","link":"https:\/\/www.cpss.com.pe\/index.php\/product\/apara-de-viga-benkelman\/","title":{"rendered":"Apara De Viga Benkelman"},"content":{"rendered":"<p>Aparato de haz Benkelman &#8211; Conforme a AASHTO T256, NF P98-200-2 y CNRNo. 141. Fabricado en aluminio y metales con acabado cromado. Longitud m\u00e1xima de 2440 mm, extensi\u00f3n trasera de 1220 mm. Completo con pies ajustables y nivel de burbuja.<br \/>\nEl aparato se utiliza para medir la deflexi\u00f3n de pavimentos flexibles bajo la acci\u00f3n de cargas de ruedas en movimiento.<br \/>\nEn funcionamiento, el haz se coloca entre los neum\u00e1ticos del veh\u00edculo de prueba y en contacto con el pavimento. La desviaci\u00f3n se mide cuando el veh\u00edculo pasa sobre el \u00e1rea de prueba.<br \/>\nLa longitud de la sonda es de 2440 mm y la extensi\u00f3n trasera es de 1220 mm.<br \/>\nFabricado en aluminio y metales con acabado cromado.<br \/>\nPeso aproximado: 15 kg<br \/>\nEst\u00e1ndares<br \/>\nAASHTO T256<\/p>\n","protected":false},"excerpt":{"rendered":"<p>Aparato de haz Benkelman &#8211; Conforme a AASHTO T256, NF P98-200-2 y CNRNo. 141. Fabricado en aluminio y metales con acabado cromado. Longitud m\u00e1xima de 2440 mm, extensi\u00f3n trasera de 1220 mm. Completo con pies ajustables y nivel de burbuja. El aparato se utiliza para medir la deflexi\u00f3n de pavimentos flexibles bajo la acci\u00f3n de&#8230;<\/p>\n","protected":false},"featured_media":240,"template":"","meta":{"_kadence_starter_templates_imported_post":false,"_kad_post_transparent":"","_kad_post_title":"","_kad_post_layout":"","_kad_post_sidebar_id":"","_kad_post_content_style":"","_kad_post_vertical_padding":"","_kad_post_feature":"","_kad_post_feature_position":"","_kad_post_header":false,"_kad_post_footer":false},"product_brand":[33],"product_cat":[30],"product_tag":[],"class_list":{"0":"post-220","1":"product","2":"type-product","3":"status-publish","4":"has-post-thumbnail","6":"product_brand-controls","7":"product_cat-mezcla-de-asfalto","9":"first","10":"instock","11":"shipping-taxable","12":"purchasable","13":"product-type-simple","14":"entry","15":"content-bg","16":"loop-entry"},"_links":{"self":[{"href":"https:\/\/www.cpss.com.pe\/index.php\/wp-json\/wp\/v2\/product\/220","targetHints":{"allow":["GET"]}}],"collection":[{"href":"https:\/\/www.cpss.com.pe\/index.php\/wp-json\/wp\/v2\/product"}],"about":[{"href":"https:\/\/www.cpss.com.pe\/index.php\/wp-json\/wp\/v2\/types\/product"}],"wp:featuredmedia":[{"embeddable":true,"href":"https:\/\/www.cpss.com.pe\/index.php\/wp-json\/wp\/v2\/media\/240"}],"wp:attachment":[{"href":"https:\/\/www.cpss.com.pe\/index.php\/wp-json\/wp\/v2\/media?parent=220"}],"wp:term":[{"taxonomy":"product_brand","embeddable":true,"href":"https:\/\/www.cpss.com.pe\/index.php\/wp-json\/wp\/v2\/product_brand?post=220"},{"taxonomy":"product_cat","embeddable":true,"href":"https:\/\/www.cpss.com.pe\/index.php\/wp-json\/wp\/v2\/product_cat?post=220"},{"taxonomy":"product_tag","embeddable":true,"href":"https:\/\/www.cpss.com.pe\/index.php\/wp-json\/wp\/v2\/product_tag?post=220"}],"curies":[{"name":"wp","href":"https:\/\/api.w.org\/{rel}","templated":true}]}}