{"id":222,"date":"2025-05-28T01:13:02","date_gmt":"2025-05-28T06:13:02","guid":{"rendered":"http:\/\/localhost:8080\/pssweb\/?post_type=product&#038;p=222"},"modified":"2025-05-28T01:14:29","modified_gmt":"2025-05-28T06:14:29","slug":"aparato-automatico-vicat-electronico-automatico-para-ensayo-de-tiempo-de-fraguado-en-cemento-mortero-yeso-con-accesorios","status":"publish","type":"product","link":"https:\/\/www.cpss.com.pe\/index.php\/product\/aparato-automatico-vicat-electronico-automatico-para-ensayo-de-tiempo-de-fraguado-en-cemento-mortero-yeso-con-accesorios\/","title":{"rendered":"Aparato Autom\u00e1tico Vicat Electr\u00f3nico Autom\u00e1tico Para Ensayo De Tiempo De Fraguado En Cemento\/Mortero\/Yeso, Con Accesorios."},"content":{"rendered":"<p>Aparato Autom\u00e1tico Vicat electr\u00f3nico autom\u00e1tico para ensayo de tiempo de fraguado en cemento\/mortero\/yeso, con accesorios.<br \/>\nEste Aparato Automatico Vicat Electr\u00f3nico con una gran pantalla t\u00e1ctil a color de 5,1\u201d.<br \/>\nAl igual que con las generaciones anteriores, el procedimiento de prueba no ha cambiado, una aguja (o una sonda) cae libremente en una muestra de cemento a intervalos regulares y en posiciones fijas.<br \/>\nLa profundidad de penetraci\u00f3n se mide con un sensor con una resoluci\u00f3n de 0,1 mm. A medida que avanza el proceso de endurecimiento, la profundidad de penetraci\u00f3n disminuye, cuando alcanza unos umbrales predefinidos por las Normas, se miden y registran los tiempos de fraguado inicial y final.<br \/>\nEspecificaciones t\u00e9cnicas:<br \/>\n-Conforme a EN 196-3, 13279-2, 480-2, ASTM C191, C187<br \/>\n-Pantalla gr\u00e1fica t\u00e1ctil de 5,1\u201d, 800 x 480 p\u00edxeles, 16 millones de colores, con iconos, que muestra datos y gr\u00e1ficos<br \/>\n-Puerto LAN para conexi\u00f3n directa a PC de una sola unidad o conexi\u00f3n a un concentrador LAN para crear una red con hasta 32 unidades independientes, todas controladas por una sola -PC. 1 cable LAN incluido<br \/>\n-Puerto USB para descarga de datos de prueba a PC y f\u00e1cil actualizaci\u00f3n de firmware<br \/>\n-Capacidad de almacenamiento ilimitada para datos de prueba en tarjeta SD interna de 16 GB<br \/>\n-Los procedimientos de prueba se pueden personalizar y almacenar para que coincidan con los requisitos definidos por el usuario<br \/>\n-Puede incorporar una impresora gr\u00e1fica integrada que muestre el resultado de la prueba y el tiempo de fraguado<br \/>\n-Gran espacio de prueba con f\u00e1cil acceso<br \/>\n-C\u00e1lculo autom\u00e1tico del tiempo de fraguado inicial y final en l\u00edmites de profundidad de penetraci\u00f3n programables<br \/>\n-Amplia gama de accesorios, incluidas piezas EN y ASTM\/AASHTO, kit de prueba en agua, dispositivo de limpieza de agujas, impresora integrada, sondas para probar la consistencia y el yeso<br \/>\n-Tasa m\u00ednima de penetraciones: 10 segundos<br \/>\n-Medida de penetraci\u00f3n por encoder<br \/>\n-Potencia: 50W<br \/>\nEspecificaciones del firmware:<br \/>\n1 F\u00e1cil programaci\u00f3n de perfiles de prueba personalizados, recuperables para futuras pruebas, que incluyen<br \/>\n  1.1 retardo de inicio de prueba ajustable<br \/>\n  1.2 posiciones de los puntos de penetraci\u00f3n<br \/>\n  1.3 tasa de penetraci\u00f3n manual o autom\u00e1tica<br \/>\n  1.4 modo de ca\u00edda libre o impulsado<br \/>\n  1.5 intervalos de retenci\u00f3n dentro de la muestra<br \/>\n  1.6 detecci\u00f3n autom\u00e1tica de fin de prueba<br \/>\n  1.7 medici\u00f3n autom\u00e1tica del tiempo de fraguado inicial y final<br \/>\n2 Datos de prueba: n\u00famero de prueba, operador, cliente, fecha, hora, tipo de cemento, porcentaje de agua, retraso<br \/>\n  2.1 Men\u00fa de calibraci\u00f3n f\u00e1cil<br \/>\n  2.2 Reloj calendario<br \/>\n  2.3 Multi lenguaje<br \/>\nEst\u00e1ndares:  EN 196-3, EN 480-2, ASTM C191, AASHTO T131, ASTM C451, EN 13279-2, ASTM C807, ASTM C187<\/p>\n","protected":false},"excerpt":{"rendered":"<p>Aparato Autom\u00e1tico Vicat electr\u00f3nico autom\u00e1tico para ensayo de tiempo de fraguado en cemento\/mortero\/yeso, con accesorios. Este Aparato Automatico Vicat Electr\u00f3nico con una gran pantalla t\u00e1ctil a color de 5,1\u201d. Al igual que con las generaciones anteriores, el procedimiento de prueba no ha cambiado, una aguja (o una sonda) cae libremente en una muestra de cemento&#8230;<\/p>\n","protected":false},"featured_media":242,"template":"","meta":{"_kadence_starter_templates_imported_post":false,"_kad_post_transparent":"","_kad_post_title":"","_kad_post_layout":"","_kad_post_sidebar_id":"","_kad_post_content_style":"","_kad_post_vertical_padding":"","_kad_post_feature":"","_kad_post_feature_position":"","_kad_post_header":false,"_kad_post_footer":false},"product_brand":[33],"product_cat":[27],"product_tag":[],"class_list":{"0":"post-222","1":"product","2":"type-product","3":"status-publish","4":"has-post-thumbnail","6":"product_brand-controls","7":"product_cat-mecanica-de-suelos","9":"first","10":"instock","11":"shipping-taxable","12":"purchasable","13":"product-type-simple","14":"entry","15":"content-bg","16":"loop-entry"},"_links":{"self":[{"href":"https:\/\/www.cpss.com.pe\/index.php\/wp-json\/wp\/v2\/product\/222","targetHints":{"allow":["GET"]}}],"collection":[{"href":"https:\/\/www.cpss.com.pe\/index.php\/wp-json\/wp\/v2\/product"}],"about":[{"href":"https:\/\/www.cpss.com.pe\/index.php\/wp-json\/wp\/v2\/types\/product"}],"wp:featuredmedia":[{"embeddable":true,"href":"https:\/\/www.cpss.com.pe\/index.php\/wp-json\/wp\/v2\/media\/242"}],"wp:attachment":[{"href":"https:\/\/www.cpss.com.pe\/index.php\/wp-json\/wp\/v2\/media?parent=222"}],"wp:term":[{"taxonomy":"product_brand","embeddable":true,"href":"https:\/\/www.cpss.com.pe\/index.php\/wp-json\/wp\/v2\/product_brand?post=222"},{"taxonomy":"product_cat","embeddable":true,"href":"https:\/\/www.cpss.com.pe\/index.php\/wp-json\/wp\/v2\/product_cat?post=222"},{"taxonomy":"product_tag","embeddable":true,"href":"https:\/\/www.cpss.com.pe\/index.php\/wp-json\/wp\/v2\/product_tag?post=222"}],"curies":[{"name":"wp","href":"https:\/\/api.w.org\/{rel}","templated":true}]}}