{"id":223,"date":"2025-05-28T01:13:04","date_gmt":"2025-05-28T06:13:04","guid":{"rendered":"http:\/\/localhost:8080\/pssweb\/?post_type=product&#038;p=223"},"modified":"2025-05-28T01:14:35","modified_gmt":"2025-05-28T06:14:35","slug":"aparato-casagrande-manual-limite-de-liquido","status":"publish","type":"product","link":"https:\/\/www.cpss.com.pe\/index.php\/product\/aparato-casagrande-manual-limite-de-liquido\/","title":{"rendered":"Aparato Casagrande Manual , Limite De Liquido"},"content":{"rendered":"<p>EQUIPO L\u00cdMITE L\u00cdQUIDO: M\u00c9TODO CASAGRANDE MANUAL<br \/>\nExisten distintas versiones adecuadas a  las  diferentes  normativas.  Su  forma  es  id\u00e9ntica  y  difieren  principalmente  en  el  tipo  de  base.  Adem\u00e1s,  todos  los   modelos   est\u00e1n   disponibles   en   versiones  manual  o  motorizada.  Los  acanaladores,   que   tambi\u00e9n   deben   cumplir  con  las  distintas  normativas,  no est\u00e1n incluidos y deber\u00e1n pedirse por   separado.   Consulte   la   tabla   a   continuaci\u00f3n.<br \/>\nCumple con las siguientes Normativas: EN 17892 \/ 12ASTM \/  D4318AASHTO \/ T89UNI 10014 \/ UNE 7377<\/p>\n","protected":false},"excerpt":{"rendered":"<p>EQUIPO L\u00cdMITE L\u00cdQUIDO: M\u00c9TODO CASAGRANDE MANUAL Existen distintas versiones adecuadas a las diferentes normativas. Su forma es id\u00e9ntica y difieren principalmente en el tipo de base. Adem\u00e1s, todos los modelos est\u00e1n disponibles en versiones manual o motorizada. Los acanaladores, que tambi\u00e9n deben cumplir con las distintas normativas, no est\u00e1n incluidos y deber\u00e1n pedirse por separado&#8230;.<\/p>\n","protected":false},"featured_media":243,"template":"","meta":{"_kadence_starter_templates_imported_post":false,"_kad_post_transparent":"","_kad_post_title":"","_kad_post_layout":"","_kad_post_sidebar_id":"","_kad_post_content_style":"","_kad_post_vertical_padding":"","_kad_post_feature":"","_kad_post_feature_position":"","_kad_post_header":false,"_kad_post_footer":false},"product_brand":[33],"product_cat":[28],"product_tag":[],"class_list":{"0":"post-223","1":"product","2":"type-product","3":"status-publish","4":"has-post-thumbnail","6":"product_brand-controls","7":"product_cat-suelos","9":"first","10":"instock","11":"shipping-taxable","12":"purchasable","13":"product-type-simple","14":"entry","15":"content-bg","16":"loop-entry"},"_links":{"self":[{"href":"https:\/\/www.cpss.com.pe\/index.php\/wp-json\/wp\/v2\/product\/223","targetHints":{"allow":["GET"]}}],"collection":[{"href":"https:\/\/www.cpss.com.pe\/index.php\/wp-json\/wp\/v2\/product"}],"about":[{"href":"https:\/\/www.cpss.com.pe\/index.php\/wp-json\/wp\/v2\/types\/product"}],"wp:featuredmedia":[{"embeddable":true,"href":"https:\/\/www.cpss.com.pe\/index.php\/wp-json\/wp\/v2\/media\/243"}],"wp:attachment":[{"href":"https:\/\/www.cpss.com.pe\/index.php\/wp-json\/wp\/v2\/media?parent=223"}],"wp:term":[{"taxonomy":"product_brand","embeddable":true,"href":"https:\/\/www.cpss.com.pe\/index.php\/wp-json\/wp\/v2\/product_brand?post=223"},{"taxonomy":"product_cat","embeddable":true,"href":"https:\/\/www.cpss.com.pe\/index.php\/wp-json\/wp\/v2\/product_cat?post=223"},{"taxonomy":"product_tag","embeddable":true,"href":"https:\/\/www.cpss.com.pe\/index.php\/wp-json\/wp\/v2\/product_tag?post=223"}],"curies":[{"name":"wp","href":"https:\/\/api.w.org\/{rel}","templated":true}]}}