{"id":224,"date":"2025-05-28T01:13:07","date_gmt":"2025-05-28T06:13:07","guid":{"rendered":"http:\/\/localhost:8080\/pssweb\/?post_type=product&#038;p=224"},"modified":"2025-05-28T01:14:41","modified_gmt":"2025-05-28T06:14:41","slug":"aparato-combinado-de-cabeza-constante-o-descendente","status":"publish","type":"product","link":"https:\/\/www.cpss.com.pe\/index.php\/product\/aparato-combinado-de-cabeza-constante-o-descendente\/","title":{"rendered":"Aparato Combinado De Cabeza Constante O Descendente"},"content":{"rendered":"<p>Se utiliza tanto para m\u00e9todos de cabeza constante como descendente para determinar la permeabilidad del suelo.<br \/>\nEl aparato consta de una c\u00e1mara de pl\u00e1stico de dos secciones, una parte superior de acero enchapado con juntas, un embudo de pl\u00e1stico con un dep\u00f3sito de 550 mm m\u00e1x. cabezal con dep\u00f3sito en posici\u00f3n vertical, una pipeta de 100 cc y dos piedras porosas de 63,5 mm de di\u00e1metro. x 12,7 mm de espesor, tama\u00f1o medio de poro de 300 micras.<br \/>\nPeso aproximado: 4,5 kg<br \/>\nCumple con las siguientes normativas: ASTM D2434<\/p>\n","protected":false},"excerpt":{"rendered":"<p>Se utiliza tanto para m\u00e9todos de cabeza constante como descendente para determinar la permeabilidad del suelo. El aparato consta de una c\u00e1mara de pl\u00e1stico de dos secciones, una parte superior de acero enchapado con juntas, un embudo de pl\u00e1stico con un dep\u00f3sito de 550 mm m\u00e1x. cabezal con dep\u00f3sito en posici\u00f3n vertical, una pipeta de&#8230;<\/p>\n","protected":false},"featured_media":244,"template":"","meta":{"_kadence_starter_templates_imported_post":false,"_kad_post_transparent":"","_kad_post_title":"","_kad_post_layout":"","_kad_post_sidebar_id":"","_kad_post_content_style":"","_kad_post_vertical_padding":"","_kad_post_feature":"","_kad_post_feature_position":"","_kad_post_header":false,"_kad_post_footer":false},"product_brand":[33],"product_cat":[28],"product_tag":[],"class_list":{"0":"post-224","1":"product","2":"type-product","3":"status-publish","4":"has-post-thumbnail","6":"product_brand-controls","7":"product_cat-suelos","9":"first","10":"instock","11":"shipping-taxable","12":"purchasable","13":"product-type-simple","14":"entry","15":"content-bg","16":"loop-entry"},"_links":{"self":[{"href":"https:\/\/www.cpss.com.pe\/index.php\/wp-json\/wp\/v2\/product\/224","targetHints":{"allow":["GET"]}}],"collection":[{"href":"https:\/\/www.cpss.com.pe\/index.php\/wp-json\/wp\/v2\/product"}],"about":[{"href":"https:\/\/www.cpss.com.pe\/index.php\/wp-json\/wp\/v2\/types\/product"}],"wp:featuredmedia":[{"embeddable":true,"href":"https:\/\/www.cpss.com.pe\/index.php\/wp-json\/wp\/v2\/media\/244"}],"wp:attachment":[{"href":"https:\/\/www.cpss.com.pe\/index.php\/wp-json\/wp\/v2\/media?parent=224"}],"wp:term":[{"taxonomy":"product_brand","embeddable":true,"href":"https:\/\/www.cpss.com.pe\/index.php\/wp-json\/wp\/v2\/product_brand?post=224"},{"taxonomy":"product_cat","embeddable":true,"href":"https:\/\/www.cpss.com.pe\/index.php\/wp-json\/wp\/v2\/product_cat?post=224"},{"taxonomy":"product_tag","embeddable":true,"href":"https:\/\/www.cpss.com.pe\/index.php\/wp-json\/wp\/v2\/product_tag?post=224"}],"curies":[{"name":"wp","href":"https:\/\/api.w.org\/{rel}","templated":true}]}}