{"id":225,"date":"2025-05-28T01:13:09","date_gmt":"2025-05-28T06:13:09","guid":{"rendered":"http:\/\/localhost:8080\/pssweb\/?post_type=product&#038;p=225"},"modified":"2025-05-28T01:14:46","modified_gmt":"2025-05-28T06:14:46","slug":"aparato-de-angularidad-del-agregado-fino","status":"publish","type":"product","link":"https:\/\/www.cpss.com.pe\/index.php\/product\/aparato-de-angularidad-del-agregado-fino\/","title":{"rendered":"Aparato De Angularidad Del Agregado Fino"},"content":{"rendered":"<p>Se utiliza para obtener informaci\u00f3n sobre la forma y la angularidad de los granos de la fracci\u00f3n de \u00e1ridos de 0,063-2 mm. Consiste esencialmente en un recipiente, que termina en un embudo de 12 mm de di\u00e1metro. con apertura de 60\u00b0; obturador de control y tolva de alimentaci\u00f3n cil\u00edndrica.<br \/>\nEspecificaciones t\u00e9cnicas<br \/>\nDimensiones: 200x200x420 mm<br \/>\nPeso aproximado: 11 kg<br \/>\nEst\u00e1ndares<br \/>\nEN 933-6<\/p>\n","protected":false},"excerpt":{"rendered":"<p>Se utiliza para obtener informaci\u00f3n sobre la forma y la angularidad de los granos de la fracci\u00f3n de \u00e1ridos de 0,063-2 mm. Consiste esencialmente en un recipiente, que termina en un embudo de 12 mm de di\u00e1metro. con apertura de 60\u00b0; obturador de control y tolva de alimentaci\u00f3n cil\u00edndrica. Especificaciones t\u00e9cnicas Dimensiones: 200x200x420 mm Peso&#8230;<\/p>\n","protected":false},"featured_media":245,"template":"","meta":{"_kadence_starter_templates_imported_post":false,"_kad_post_transparent":"","_kad_post_title":"","_kad_post_layout":"","_kad_post_sidebar_id":"","_kad_post_content_style":"","_kad_post_vertical_padding":"","_kad_post_feature":"","_kad_post_feature_position":"","_kad_post_header":false,"_kad_post_footer":false},"product_brand":[33],"product_cat":[29],"product_tag":[],"class_list":{"0":"post-225","1":"product","2":"type-product","3":"status-publish","4":"has-post-thumbnail","6":"product_brand-controls","7":"product_cat-prueba-de-agregados","9":"first","10":"instock","11":"shipping-taxable","12":"purchasable","13":"product-type-simple","14":"entry","15":"content-bg","16":"loop-entry"},"_links":{"self":[{"href":"https:\/\/www.cpss.com.pe\/index.php\/wp-json\/wp\/v2\/product\/225","targetHints":{"allow":["GET"]}}],"collection":[{"href":"https:\/\/www.cpss.com.pe\/index.php\/wp-json\/wp\/v2\/product"}],"about":[{"href":"https:\/\/www.cpss.com.pe\/index.php\/wp-json\/wp\/v2\/types\/product"}],"wp:featuredmedia":[{"embeddable":true,"href":"https:\/\/www.cpss.com.pe\/index.php\/wp-json\/wp\/v2\/media\/245"}],"wp:attachment":[{"href":"https:\/\/www.cpss.com.pe\/index.php\/wp-json\/wp\/v2\/media?parent=225"}],"wp:term":[{"taxonomy":"product_brand","embeddable":true,"href":"https:\/\/www.cpss.com.pe\/index.php\/wp-json\/wp\/v2\/product_brand?post=225"},{"taxonomy":"product_cat","embeddable":true,"href":"https:\/\/www.cpss.com.pe\/index.php\/wp-json\/wp\/v2\/product_cat?post=225"},{"taxonomy":"product_tag","embeddable":true,"href":"https:\/\/www.cpss.com.pe\/index.php\/wp-json\/wp\/v2\/product_tag?post=225"}],"curies":[{"name":"wp","href":"https:\/\/api.w.org\/{rel}","templated":true}]}}