{"id":226,"date":"2025-05-28T01:13:11","date_gmt":"2025-05-28T06:13:11","guid":{"rendered":"http:\/\/localhost:8080\/pssweb\/?post_type=product&#038;p=226"},"modified":"2025-05-28T01:14:54","modified_gmt":"2025-05-28T06:14:54","slug":"aparato-de-anillo-y-bola-estandar-con-placa-calefactora","status":"publish","type":"product","link":"https:\/\/www.cpss.com.pe\/index.php\/product\/aparato-de-anillo-y-bola-estandar-con-placa-calefactora\/","title":{"rendered":"Aparato De Anillo Y Bola Est\u00e1ndar Con Placa Calefactora"},"content":{"rendered":"<p>Se utiliza para determinar el punto de reblandecimiento de materiales bituminosos.<br \/>\nCompuesto por:<br \/>\n81-PV0145\/1 Anillos de lat\u00f3n (2 piezas incluidas en el juego)<br \/>\n81-PV0145\/2 Bolas de acero de 9,5 mm de di\u00e1metro. (2 piezas incluidas en el juego)<br \/>\n81-PV0145\/3 Gu\u00eda de centrado de bolas (2 piezas incluidas en el juego)<br \/>\n81-PV0143\/1 Recipiente de vidrio<br \/>\n81-PV0145\/5 Plato vertedor<br \/>\n81-PV0145\/6 Conjunto\/soporte de anillo<br \/>\n82-D1200\/1MF Term\u00f3metro de vidrio, -2 +80\u00b0C, graduaci\u00f3n de 0,2\u00b0C, ASTM 15C, sin mercurio<br \/>\nLa prueba debe realizarse utilizando los l\u00edquidos espec\u00edficos y la placa calefactora adecuada que se enumeran en los accesorios.<br \/>\nProponemos la placa caliente:<br \/>\n10-D1402\/D Placa calefactora est\u00e1ndar, 185 mm de di\u00e1metro, 1500 W. Soluci\u00f3n m\u00e1s econ\u00f3mica conforme a las normas ASTM.<br \/>\nNormativas<br \/>\nEN 1427<br \/>\nASTM D36<br \/>\nAASHTO T53<\/p>\n","protected":false},"excerpt":{"rendered":"<p>Se utiliza para determinar el punto de reblandecimiento de materiales bituminosos. Compuesto por: 81-PV0145\/1 Anillos de lat\u00f3n (2 piezas incluidas en el juego) 81-PV0145\/2 Bolas de acero de 9,5 mm de di\u00e1metro. (2 piezas incluidas en el juego) 81-PV0145\/3 Gu\u00eda de centrado de bolas (2 piezas incluidas en el juego) 81-PV0143\/1 Recipiente de vidrio 81-PV0145\/5&#8230;<\/p>\n","protected":false},"featured_media":246,"template":"","meta":{"_kadence_starter_templates_imported_post":false,"_kad_post_transparent":"","_kad_post_title":"","_kad_post_layout":"","_kad_post_sidebar_id":"","_kad_post_content_style":"","_kad_post_vertical_padding":"","_kad_post_feature":"","_kad_post_feature_position":"","_kad_post_header":false,"_kad_post_footer":false},"product_brand":[33],"product_cat":[31],"product_tag":[],"class_list":{"0":"post-226","1":"product","2":"type-product","3":"status-publish","4":"has-post-thumbnail","6":"product_brand-controls","7":"product_cat-bituminosos","9":"first","10":"instock","11":"shipping-taxable","12":"purchasable","13":"product-type-simple","14":"entry","15":"content-bg","16":"loop-entry"},"_links":{"self":[{"href":"https:\/\/www.cpss.com.pe\/index.php\/wp-json\/wp\/v2\/product\/226","targetHints":{"allow":["GET"]}}],"collection":[{"href":"https:\/\/www.cpss.com.pe\/index.php\/wp-json\/wp\/v2\/product"}],"about":[{"href":"https:\/\/www.cpss.com.pe\/index.php\/wp-json\/wp\/v2\/types\/product"}],"wp:featuredmedia":[{"embeddable":true,"href":"https:\/\/www.cpss.com.pe\/index.php\/wp-json\/wp\/v2\/media\/246"}],"wp:attachment":[{"href":"https:\/\/www.cpss.com.pe\/index.php\/wp-json\/wp\/v2\/media?parent=226"}],"wp:term":[{"taxonomy":"product_brand","embeddable":true,"href":"https:\/\/www.cpss.com.pe\/index.php\/wp-json\/wp\/v2\/product_brand?post=226"},{"taxonomy":"product_cat","embeddable":true,"href":"https:\/\/www.cpss.com.pe\/index.php\/wp-json\/wp\/v2\/product_cat?post=226"},{"taxonomy":"product_tag","embeddable":true,"href":"https:\/\/www.cpss.com.pe\/index.php\/wp-json\/wp\/v2\/product_tag?post=226"}],"curies":[{"name":"wp","href":"https:\/\/api.w.org\/{rel}","templated":true}]}}