{"id":228,"date":"2025-05-28T01:13:18","date_gmt":"2025-05-28T06:13:18","guid":{"rendered":"http:\/\/localhost:8080\/pssweb\/?post_type=product&#038;p=228"},"modified":"2025-05-28T01:15:04","modified_gmt":"2025-05-28T06:15:04","slug":"aparato-de-caja-de-corte-grande-de-100-kn-de-capacidad-con-conjunto-de-caja-de-corte-en-acero-para-muestra-cuadrada-de-300-mm-230v-50hz-1ph","status":"publish","type":"product","link":"https:\/\/www.cpss.com.pe\/index.php\/product\/aparato-de-caja-de-corte-grande-de-100-kn-de-capacidad-con-conjunto-de-caja-de-corte-en-acero-para-muestra-cuadrada-de-300-mm-230v-50hz-1ph\/","title":{"rendered":"Aparato De Caja De Corte Grande De 100 Kn De Capacidad. Con Conjunto De Caja De Corte En Acero, Para Muestra Cuadrada De 300 mm. 230V\/50Hz\/1Ph."},"content":{"rendered":"<p>La m\u00e1quina autom\u00e1tica SHEARMATIC 300 es ideal para probar suelos y otros materiales que contienen part\u00edculas grandes de hasta 20 mm de dimensi\u00f3n mayor.<br \/>\nSe pueden analizar tama\u00f1os de muestra de hasta 300 mm cuadrados, con insertos que permiten analizar tama\u00f1os de muestra m\u00e1s peque\u00f1os. (pedir accesorios).<br \/>\nLa muestra se consolida a trav\u00e9s de un sistema hidr\u00e1ulico de circuito cerrado para la aplicaci\u00f3n programable autom\u00e1tica de la carga vertical.<br \/>\nEl desplazamiento horizontal es impulsado por un motor paso a paso de alta resoluci\u00f3n.<br \/>\nLa m\u00e1quina est\u00e1 totalmente gestionada por el software de una unidad microprocesadora que lee los procesos de fuerza, presi\u00f3n axial y desplazamientos, gestiona el motor, el sistema de carga hidr\u00e1ulica vertical y los pasos de prueba a trav\u00e9s de sistemas de circuito cerrado.<br \/>\nTeclado de membrana antiara\u00f1azos de diez teclas con gran pantalla gr\u00e1fica monocrom\u00e1tica.<br \/>\nLa m\u00e1quina funciona como una unidad autom\u00e1tica independiente: las mediciones de prueba (fuerza y ??desplazamientos horizontales y verticales) se muestran directamente y se almacenan en la memoria de acuerdo con los modos de registro preestablecidos.<br \/>\nLa PC solo se requiere temporalmente para descargar los datos de la prueba a trav\u00e9s del puerto serie RS 232, una vez que se completa la prueba. Los datos se pueden procesar con las plantillas de an\u00e1lisis geogr\u00e1fico directo y residual 30-WF6016\/T2 o 30-WF6016\/T9. (pedir accesorios).<br \/>\nEs posible utilizar una muestra grande para obtener una indicaci\u00f3n m\u00e1s representativa de la resistencia al corte.<br \/>\nAdem\u00e1s, la caja de corte grande se puede utilizar para obtener el \u00e1ngulo de fricci\u00f3n entre muchos materiales.<br \/>\nLas aplicaciones particulares incluyen la construcci\u00f3n de presas de tierra y otros trabajos de terrapl\u00e9n.<br \/>\nLa caja de corte completamente hecha de acero inoxidable est\u00e1 disponible para pruebas en materiales altamente corrosivos.<br \/>\nLa m\u00e1quina incluye celda de carga de 100 kN y transductores potenciom\u00e9tricos lineales de 100 y 50 mm de recorrido con soportes de montaje y caja de corte.<br \/>\nEspecificaciones T\u00e9cnicas:<br \/>\n-Tama\u00f1o de la muestra: hasta 300 mm. Se puede reducir a 150 mm usando un inserto de muestra (pedir accesorios)<br \/>\n-Altura de la muestra: 150 mm<br \/>\n-Fuerza cortante y vertical: 100 kN<br \/>\n-Rango de velocidad: variable sin escalones de o a 11,00000 mm\/min<br \/>\n-Recorrido m\u00e1ximo: 75 mm<br \/>\n-Pasos de consolidaci\u00f3n: hasta 50<br \/>\n-Adquisici\u00f3n de datos: puerto serial RS 232 para uso con plantillas de Geo-Analysis Directo y residual (pedir accesorios).<br \/>\n-Potencia: 2000W<br \/>\n-Dimensiones totales: (ancho x profundidad x altura) 1470x758x1570 mm aprox.<br \/>\n-Peso aproximado: 800 kg<br \/>\nNormativas<br \/>\nASTM D3080<br \/>\nBS 1377:7<\/p>\n","protected":false},"excerpt":{"rendered":"<p>La m\u00e1quina autom\u00e1tica SHEARMATIC 300 es ideal para probar suelos y otros materiales que contienen part\u00edculas grandes de hasta 20 mm de dimensi\u00f3n mayor. Se pueden analizar tama\u00f1os de muestra de hasta 300 mm cuadrados, con insertos que permiten analizar tama\u00f1os de muestra m\u00e1s peque\u00f1os. (pedir accesorios). La muestra se consolida a trav\u00e9s de un&#8230;<\/p>\n","protected":false},"featured_media":248,"template":"","meta":{"_kadence_starter_templates_imported_post":false,"_kad_post_transparent":"","_kad_post_title":"","_kad_post_layout":"","_kad_post_sidebar_id":"","_kad_post_content_style":"","_kad_post_vertical_padding":"","_kad_post_feature":"","_kad_post_feature_position":"","_kad_post_header":false,"_kad_post_footer":false},"product_brand":[33],"product_cat":[27],"product_tag":[],"class_list":{"0":"post-228","1":"product","2":"type-product","3":"status-publish","4":"has-post-thumbnail","6":"product_brand-controls","7":"product_cat-mecanica-de-suelos","9":"first","10":"instock","11":"shipping-taxable","12":"purchasable","13":"product-type-simple","14":"entry","15":"content-bg","16":"loop-entry"},"_links":{"self":[{"href":"https:\/\/www.cpss.com.pe\/index.php\/wp-json\/wp\/v2\/product\/228","targetHints":{"allow":["GET"]}}],"collection":[{"href":"https:\/\/www.cpss.com.pe\/index.php\/wp-json\/wp\/v2\/product"}],"about":[{"href":"https:\/\/www.cpss.com.pe\/index.php\/wp-json\/wp\/v2\/types\/product"}],"wp:featuredmedia":[{"embeddable":true,"href":"https:\/\/www.cpss.com.pe\/index.php\/wp-json\/wp\/v2\/media\/248"}],"wp:attachment":[{"href":"https:\/\/www.cpss.com.pe\/index.php\/wp-json\/wp\/v2\/media?parent=228"}],"wp:term":[{"taxonomy":"product_brand","embeddable":true,"href":"https:\/\/www.cpss.com.pe\/index.php\/wp-json\/wp\/v2\/product_brand?post=228"},{"taxonomy":"product_cat","embeddable":true,"href":"https:\/\/www.cpss.com.pe\/index.php\/wp-json\/wp\/v2\/product_cat?post=228"},{"taxonomy":"product_tag","embeddable":true,"href":"https:\/\/www.cpss.com.pe\/index.php\/wp-json\/wp\/v2\/product_tag?post=228"}],"curies":[{"name":"wp","href":"https:\/\/api.w.org\/{rel}","templated":true}]}}