{"id":229,"date":"2025-05-28T01:13:20","date_gmt":"2025-05-28T06:13:20","guid":{"rendered":"http:\/\/localhost:8080\/pssweb\/?post_type=product&#038;p=229"},"modified":"2025-05-28T01:15:08","modified_gmt":"2025-05-28T06:15:08","slug":"aparato-de-cono-de-densidad-para-la-arena-de-4pulg1016mmde-diametro","status":"publish","type":"product","link":"https:\/\/www.cpss.com.pe\/index.php\/product\/aparato-de-cono-de-densidad-para-la-arena-de-4pulg1016mmde-diametro\/","title":{"rendered":"Aparato De Cono De Densidad Para La Arena De  4Pulg(101,6mm)De Di\u00e1metro"},"content":{"rendered":"<p>Los Juegos de Reposici\u00f3n de Arena realizados por CONTROLS sirven para determinar el grado de compactaci\u00f3n en obra mediante un procedimiento muy sencillo.<br \/>\nEste procedimiento consiste en retirar y pesar una porci\u00f3n de suelo compactado y reponerla en el hoyo con arena, mediante un aparato sencillo, registrar el volumen de arena y luego calcular la densidad del suelo removido.<br \/>\nProponemos tres modelos a seleccionar en funci\u00f3n del tama\u00f1o de los suelos granulados. La versi\u00f3n m\u00e1s grande 35-T0133 se recomienda para grava y suelos de grano grueso.<br \/>\nEl juego incluye el cono doble, dos recipientes de arena de pl\u00e1stico y una placa base de metal, excepto el modelo 35-T0133 que se suministra solo con un recipiente de arena acr\u00edlico.<br \/>\nEl 35-T0129 de 6,5\u201d de di\u00e1metro. (165,1 mm) se puede completar con un recipiente calibrador.<\/p>\n<p>Modelo de 4\u201d \u2013 35-T0128<br \/>\nCono Doble \u2013 35-t0128\/1<br \/>\nTarro de arena de pl\u00e1stico (2 piezas) \u2013 35-T0130\/2<br \/>\nPlaca base de metal Con orificio con brida (borde) \u2013 35-t0128\/2<br \/>\nPeso aproximado de juego completo \u2013 3 kg<\/p>\n<p>Modelo de 4\u201d \u2013 35-T0129<br \/>\nCono Doble \u2013 35-T0129\/1<br \/>\nTarro de arena de pl\u00e1stico (2 piezas) \u2013 35-T0130\/2<br \/>\nPlaca base de metal Con orificio con brida (borde) \u2013 35-T0129\/2<br \/>\nPeso aproximado de juego completo \u2013 3 kg<\/p>\n<p>Modelo de 6\u201d \u2013 35-T0129<br \/>\nCono Doble \u2013<br \/>\nTarro de arena de pl\u00e1stico (2 piezas) \u2013<br \/>\nPlaca base de metal Con orificio con brida (borde) \u2013<br \/>\nPeso aproximado de juego completo \u2013 20 kg\t<\/p>\n<p>NORMAS<br \/>\nAASHTO T191<br \/>\nNorma ASTM D1556<br \/>\nNF P94-061-3<\/p>\n","protected":false},"excerpt":{"rendered":"<p>Los Juegos de Reposici\u00f3n de Arena realizados por CONTROLS sirven para determinar el grado de compactaci\u00f3n en obra mediante un procedimiento muy sencillo. Este procedimiento consiste en retirar y pesar una porci\u00f3n de suelo compactado y reponerla en el hoyo con arena, mediante un aparato sencillo, registrar el volumen de arena y luego calcular la&#8230;<\/p>\n","protected":false},"featured_media":249,"template":"","meta":{"_kadence_starter_templates_imported_post":false,"_kad_post_transparent":"","_kad_post_title":"","_kad_post_layout":"","_kad_post_sidebar_id":"","_kad_post_content_style":"","_kad_post_vertical_padding":"","_kad_post_feature":"","_kad_post_feature_position":"","_kad_post_header":false,"_kad_post_footer":false},"product_brand":[33],"product_cat":[28],"product_tag":[],"class_list":{"0":"post-229","1":"product","2":"type-product","3":"status-publish","4":"has-post-thumbnail","6":"product_brand-controls","7":"product_cat-suelos","9":"first","10":"instock","11":"shipping-taxable","12":"purchasable","13":"product-type-simple","14":"entry","15":"content-bg","16":"loop-entry"},"_links":{"self":[{"href":"https:\/\/www.cpss.com.pe\/index.php\/wp-json\/wp\/v2\/product\/229","targetHints":{"allow":["GET"]}}],"collection":[{"href":"https:\/\/www.cpss.com.pe\/index.php\/wp-json\/wp\/v2\/product"}],"about":[{"href":"https:\/\/www.cpss.com.pe\/index.php\/wp-json\/wp\/v2\/types\/product"}],"wp:featuredmedia":[{"embeddable":true,"href":"https:\/\/www.cpss.com.pe\/index.php\/wp-json\/wp\/v2\/media\/249"}],"wp:attachment":[{"href":"https:\/\/www.cpss.com.pe\/index.php\/wp-json\/wp\/v2\/media?parent=229"}],"wp:term":[{"taxonomy":"product_brand","embeddable":true,"href":"https:\/\/www.cpss.com.pe\/index.php\/wp-json\/wp\/v2\/product_brand?post=229"},{"taxonomy":"product_cat","embeddable":true,"href":"https:\/\/www.cpss.com.pe\/index.php\/wp-json\/wp\/v2\/product_cat?post=229"},{"taxonomy":"product_tag","embeddable":true,"href":"https:\/\/www.cpss.com.pe\/index.php\/wp-json\/wp\/v2\/product_tag?post=229"}],"curies":[{"name":"wp","href":"https:\/\/api.w.org\/{rel}","templated":true}]}}