{"id":230,"date":"2025-05-28T01:13:23","date_gmt":"2025-05-28T06:13:23","guid":{"rendered":"http:\/\/localhost:8080\/pssweb\/?post_type=product&#038;p=230"},"modified":"2025-05-28T01:15:11","modified_gmt":"2025-05-28T06:15:11","slug":"aparato-de-corte-de-rocas-segun-astm-d5607","status":"publish","type":"product","link":"https:\/\/www.cpss.com.pe\/index.php\/product\/aparato-de-corte-de-rocas-segun-astm-d5607\/","title":{"rendered":"Aparato De Corte De Rocas Seg\u00fan Astm D5607."},"content":{"rendered":"<p>El aparato Rock Shear Box fue desarrollado originalmente en el Imperial College de Londres por el profesor E. Hoek. Es un m\u00e9todo sencillo y pr\u00e1ctico para determinar la resistencia y estabilidad de taludes de rocas, tanto en campo como en laboratorio.<\/p>\n<p>El aparato consta de una caja de corte dise\u00f1ada para aceptar muestras de no m\u00e1s de 115 \u00d7 125 mm o, alternativamente, n\u00facleos de hasta 102 mm de di\u00e1metro. La caja de corte consta de dos mitades, la superior conectada a dos arietes para una acci\u00f3n de corte reversible y la inferior conectada a un ariete para una aplicaci\u00f3n de carga normal. Las cargas se registran mediante medidores de carga de tubo Bourdon o mediante transductores de presi\u00f3n (en este caso se necesita un registrador de datos externo).<\/p>\n<p>El sistema de carga normal se completa con un mantenedor de presi\u00f3n de baja fricci\u00f3n ajustable para absorber los cambios de volumen de la muestra durante la acci\u00f3n de corte y garantizar una tensi\u00f3n vertical constante.<\/p>\n<p>Caracter\u00edsticas<br \/>\nEste aparato fue desarrollado originalmente en el Imperial College de Londres por el profesor E. Hoek. Es un m\u00e9todo sencillo y pr\u00e1ctico para determinar la resistencia y estabilidad de taludes de rocas, tanto en campo como en laboratorio. El aparato consta de una caja de corte dise\u00f1ada para aceptar muestras de no m\u00e1s de 115 \u00d7 125 mm o, alternativamente, n\u00facleos de hasta 102 mm de di\u00e1metro. La caja de corte consta de dos mitades, la superior conectada a dos arietes para una acci\u00f3n de corte reversible y la inferior conectada a un ariete para una aplicaci\u00f3n de carga normal. Las cargas se registran mediante medidores de carga de tubo Bourdon o mediante transductores de presi\u00f3n (en este caso se necesita un registrador de datos externo).<br \/>\nEl sistema de carga normal se completa con un mantenedor de presi\u00f3n de baja fricci\u00f3n ajustable para absorber los cambios de volumen de la muestra durante la acci\u00f3n de corte y garantizar una tensi\u00f3n vertical constante.<br \/>\nModelo b\u00e1sico.  Se suministra completo con: 5 man\u00f3metros digitales de 25\u00d70,001 mm (4 verticales y 1 horizontal); 2 formadores de moldes; 2 bombas manuales para carga lateral y vertical equipadas con man\u00f3metros Bourdon. La bomba para carga vertical est\u00e1 equipada con un mantenedor de presi\u00f3n para asegurar una carga uniforme durante la prueba.<br \/>\nEspecificaciones<br \/>\nM\u00e1x. Capacidad de carga axial y de corte (para ambos modelos): 50 kN<br \/>\nRango de man\u00f3metros (para ambos modelos): 50 kN x 1 kN<br \/>\nLectura de desplazamiento (para modelo B\u00e1sico): 5 medidores digitales 25\u00d70,001 mm<br \/>\nLectura de desplazamiento (para modelo electr\u00f3nico): 5 transductores potenciom\u00e9tricos con recorrido de 25 mm<br \/>\nM\u00e1x. dimensiones de la muestra: hasta dia. 102 mm (para muestras de n\u00facleo) y 115 mm x 125 mm (para muestras de prisma)<br \/>\nDimensiones totales (solo marco de carga): 460x250x600 mm<br \/>\nPeso aproximado: 45 kg<\/p>\n<p>Norma<br \/>\nNorma ASTM D5607<\/p>\n","protected":false},"excerpt":{"rendered":"<p>El aparato Rock Shear Box fue desarrollado originalmente en el Imperial College de Londres por el profesor E. Hoek. Es un m\u00e9todo sencillo y pr\u00e1ctico para determinar la resistencia y estabilidad de taludes de rocas, tanto en campo como en laboratorio. El aparato consta de una caja de corte dise\u00f1ada para aceptar muestras de no&#8230;<\/p>\n","protected":false},"featured_media":250,"template":"","meta":{"_kadence_starter_templates_imported_post":false,"_kad_post_transparent":"","_kad_post_title":"","_kad_post_layout":"","_kad_post_sidebar_id":"","_kad_post_content_style":"","_kad_post_vertical_padding":"","_kad_post_feature":"","_kad_post_feature_position":"","_kad_post_header":false,"_kad_post_footer":false},"product_brand":[33],"product_cat":[32],"product_tag":[],"class_list":{"0":"post-230","1":"product","2":"type-product","3":"status-publish","4":"has-post-thumbnail","6":"product_brand-controls","7":"product_cat-mecanica-de-rocas","9":"first","10":"instock","11":"shipping-taxable","12":"purchasable","13":"product-type-simple","14":"entry","15":"content-bg","16":"loop-entry"},"_links":{"self":[{"href":"https:\/\/www.cpss.com.pe\/index.php\/wp-json\/wp\/v2\/product\/230","targetHints":{"allow":["GET"]}}],"collection":[{"href":"https:\/\/www.cpss.com.pe\/index.php\/wp-json\/wp\/v2\/product"}],"about":[{"href":"https:\/\/www.cpss.com.pe\/index.php\/wp-json\/wp\/v2\/types\/product"}],"wp:featuredmedia":[{"embeddable":true,"href":"https:\/\/www.cpss.com.pe\/index.php\/wp-json\/wp\/v2\/media\/250"}],"wp:attachment":[{"href":"https:\/\/www.cpss.com.pe\/index.php\/wp-json\/wp\/v2\/media?parent=230"}],"wp:term":[{"taxonomy":"product_brand","embeddable":true,"href":"https:\/\/www.cpss.com.pe\/index.php\/wp-json\/wp\/v2\/product_brand?post=230"},{"taxonomy":"product_cat","embeddable":true,"href":"https:\/\/www.cpss.com.pe\/index.php\/wp-json\/wp\/v2\/product_cat?post=230"},{"taxonomy":"product_tag","embeddable":true,"href":"https:\/\/www.cpss.com.pe\/index.php\/wp-json\/wp\/v2\/product_tag?post=230"}],"curies":[{"name":"wp","href":"https:\/\/api.w.org\/{rel}","templated":true}]}}