{"id":231,"date":"2025-05-28T01:13:27","date_gmt":"2025-05-28T06:13:27","guid":{"rendered":"http:\/\/localhost:8080\/pssweb\/?post_type=product&#038;p=231"},"modified":"2025-05-28T01:15:21","modified_gmt":"2025-05-28T06:15:21","slug":"aparato-de-durabilidad-del-apagado-segun-astm-d4644","status":"publish","type":"product","link":"https:\/\/www.cpss.com.pe\/index.php\/product\/aparato-de-durabilidad-del-apagado-segun-astm-d4644\/","title":{"rendered":"Aparato De Durabilidad Del Apagado Seg\u00fan Astm D4644"},"content":{"rendered":"<p>Aparato de durabilidad del apagado seg\u00fan ASTM D4644 compuesto por una unidad de accionamiento motorizada con 2 tambores de prueba (di\u00e1metro 140 mm x 100 mm de largo, malla de 2 mm) que giran a 20 rpm, 2 tanques transparentes, s\u00f3tano y temporizador digital. 220 V, 60 Hz, monof\u00e1sico.<br \/>\nCARACTERISTICAS<br \/>\nEste m\u00e9todo de prueba ha sido desarrollado seg\u00fan ASTM D4644 para evaluar el deterioro de rocas durante un per\u00edodo de tiempo cuando se someten a inmersi\u00f3n en agua. El aparato consta de una unidad de accionamiento motorizada montada sobre una placa base y conectada a dos o cuatro tambores que giran a una velocidad de 20 rpm.<br \/>\nLa m\u00e1quina monta una pantalla digital para la visualizaci\u00f3n del tiempo de prueba residual (10 minutos para ASTM D4644). Los conjuntos de tanques se llenan con agua hasta un nivel de 20 mm por debajo del eje del tambor. El nivel del agua est\u00e1 indicado por una marca.<br \/>\nLos tambores de prueba se fabrican con malla de 2,00 mm y 140 mm de di\u00e1metro. x 100 mm de largo. Ya se incluyen dos tambores, aunque se pueden pedir dos adicionales por separado, ver accesorios. Los tambores se pueden montar y desmontar f\u00e1cilmente con las unidades de accionamiento de liberaci\u00f3n r\u00e1pida.<br \/>\nDimensiones totales (lxdxh) con dos tambores est\u00e1ndar incluidos: 733x413x305 mm<br \/>\nPeso total: 22,5 kg<br \/>\nDimensiones totales (lxdxh) considerando los dos tambores adicionales (4 en total): 1151x413x305 mm<br \/>\nPeso total considerando los dos bidones adicionales (4 en total): 33,5 kg<br \/>\nESPECIFICACIONES<br \/>\n\u2022\tSe pueden utilizar un m\u00e1ximo de 4 tambores simult\u00e1neamente para mejorar la productividad de las pruebas.<br \/>\n\u2022\tCompleto con display que muestra el tiempo de prueba residual (10 minutos seg\u00fan indicaciones ASTM)<br \/>\n\u2022\tDep\u00f3sitos de agua transparentes con marca de nivel para ayudar al correcto llenado de agua.<br \/>\n\u2022\tM\u00e1quina compacta para ahorrar espacio en el laboratorio.<br \/>\n\u2022\tTambores con unidades de accionamiento de liberaci\u00f3n r\u00e1pida para un montaje y desmontaje r\u00e1pidos<br \/>\nNORMA<br \/>\nNorma ASTM D4644<\/p>\n","protected":false},"excerpt":{"rendered":"<p>Aparato de durabilidad del apagado seg\u00fan ASTM D4644 compuesto por una unidad de accionamiento motorizada con 2 tambores de prueba (di\u00e1metro 140 mm x 100 mm de largo, malla de 2 mm) que giran a 20 rpm, 2 tanques transparentes, s\u00f3tano y temporizador digital. 220 V, 60 Hz, monof\u00e1sico. CARACTERISTICAS Este m\u00e9todo de prueba ha&#8230;<\/p>\n","protected":false},"featured_media":251,"template":"","meta":{"_kadence_starter_templates_imported_post":false,"_kad_post_transparent":"","_kad_post_title":"","_kad_post_layout":"","_kad_post_sidebar_id":"","_kad_post_content_style":"","_kad_post_vertical_padding":"","_kad_post_feature":"","_kad_post_feature_position":"","_kad_post_header":false,"_kad_post_footer":false},"product_brand":[33],"product_cat":[32],"product_tag":[],"class_list":{"0":"post-231","1":"product","2":"type-product","3":"status-publish","4":"has-post-thumbnail","6":"product_brand-controls","7":"product_cat-mecanica-de-rocas","9":"first","10":"instock","11":"shipping-taxable","12":"purchasable","13":"product-type-simple","14":"entry","15":"content-bg","16":"loop-entry"},"_links":{"self":[{"href":"https:\/\/www.cpss.com.pe\/index.php\/wp-json\/wp\/v2\/product\/231","targetHints":{"allow":["GET"]}}],"collection":[{"href":"https:\/\/www.cpss.com.pe\/index.php\/wp-json\/wp\/v2\/product"}],"about":[{"href":"https:\/\/www.cpss.com.pe\/index.php\/wp-json\/wp\/v2\/types\/product"}],"wp:featuredmedia":[{"embeddable":true,"href":"https:\/\/www.cpss.com.pe\/index.php\/wp-json\/wp\/v2\/media\/251"}],"wp:attachment":[{"href":"https:\/\/www.cpss.com.pe\/index.php\/wp-json\/wp\/v2\/media?parent=231"}],"wp:term":[{"taxonomy":"product_brand","embeddable":true,"href":"https:\/\/www.cpss.com.pe\/index.php\/wp-json\/wp\/v2\/product_brand?post=231"},{"taxonomy":"product_cat","embeddable":true,"href":"https:\/\/www.cpss.com.pe\/index.php\/wp-json\/wp\/v2\/product_cat?post=231"},{"taxonomy":"product_tag","embeddable":true,"href":"https:\/\/www.cpss.com.pe\/index.php\/wp-json\/wp\/v2\/product_tag?post=231"}],"curies":[{"name":"wp","href":"https:\/\/api.w.org\/{rel}","templated":true}]}}